{"id":20,"date":"2025-05-17T13:15:58","date_gmt":"2025-05-17T13:15:58","guid":{"rendered":"https:\/\/sgmvt.lvm-tgv.ro\/?page_id=20"},"modified":"2025-05-17T15:42:36","modified_gmt":"2025-05-17T15:42:36","slug":"misiunea-si-viziunea","status":"publish","type":"page","link":"https:\/\/sgmvt.lvm-tgv.ro\/?page_id=20","title":{"rendered":"Misiunea \u0219i viziunea"},"content":{"rendered":"<p class=\"zfr3Q CDt4Ke \" dir=\"ltr\"><strong><span class=\"KB0Tx C9DxTc \">Deviza : VISEAZ\u0102, CREDE, REALIZEAZ\u0102<\/span><\/strong><\/p>\n<p class=\"zfr3Q CDt4Ke \" dir=\"ltr\"><strong><span class=\"KB0Tx C9DxTc \">\u00a0<\/span><\/strong><strong><span class=\"KB0Tx C9DxTc \">VIZIUNEA \u0218COLII<\/span><\/strong><\/p>\n<p class=\"zfr3Q CDt4Ke \" dir=\"ltr\"><strong><span class=\"KB0Tx C9DxTc \">Ne propunem s\u0103 fim o \u0219coal\u0103 competitiv\u0103, o \u0219coal\u0103 european\u0103, \u00een care elevii s\u0103 performeze, s\u0103 aib\u0103 initiativ\u0103, iar starea de bine s\u0103 constituie pilonul principal al dezvolt\u0103rii Credem c\u0103 fiecare copil este valoros, \u00een fiecare se pot g\u0103si resurse ce pot fi valorificate pentru a crea oameni capabili s\u0103 \u00ee\u0219i g\u0103seasc\u0103 locul \u00een societate \u0219i chiar s\u0103 performeze. Dorim s\u0103 form\u0103m tineri creativi, entuzia\u0219ti, respectuo\u0219i, responsabili, empatici, perseveren\u021bi, tolera\u021bi , capabili s\u0103 ia decizii \u0219i s\u0103 se plieze pe noile direc\u021bii spre care societatea se \u00eendreapt\u0103.<\/span><\/strong><\/p>\n<p class=\"zfr3Q CDt4Ke \" dir=\"ltr\"><strong><span class=\"KB0Tx C9DxTc \">MISIUNEA \u0218COLII<\/span><\/strong><\/p>\n<p class=\"zfr3Q CDt4Ke \" dir=\"ltr\"><strong><span class=\"KB0Tx C9DxTc \">\u00a0<\/span><\/strong><strong><span class=\"KB0Tx C9DxTc \">\u00a0Profesionalismul, creativitatea, toleran\u021ba, spiritual de echip\u0103, empatia personalului \u0219colii, spatiul primitor, mijloacele moderne puse la dispozi\u021bie vor contribui la formarea unor elevi creativi, responsabili, capabili s\u0103 se adapteze unei societ\u0103\u021bi \u00een continu\u0103 schimbare. Dorim s\u0103 venim \u00een sprijinul fiec\u0103rui copil, s\u0103-i valorific\u0103m poten\u021bialul, s\u0103-i d\u0103m \u00eencredere, promov\u00e2nd un \u00eenv\u0103\u021b\u0103m\u00e2nt flexibil, deschis \u00een care fiecare elev s\u0103 se reg\u0103seasc\u0103 \u0219i s\u0103 \u00eenve\u021be s\u0103 zboare singur<\/span><\/strong><\/p>\n<p class=\"zfr3Q CDt4Ke \" dir=\"ltr\"><strong><span class=\"KB0Tx C9DxTc \">\u00a0<\/span><\/strong><strong><span class=\"KB0Tx C9DxTc \">\u021aINTE STRATEGICE 2020-2025<\/span><\/strong><\/p>\n<p class=\"zfr3Q CDt4Ke \" dir=\"ltr\"><strong><span class=\"KB0Tx C9DxTc \">1.\u00a0 \u00a0 Inovarea procesului instructiv-educativ prin integrarea eficient\u0103 a noilor tehnologii<\/span><\/strong><\/p>\n<p class=\"zfr3Q CDt4Ke \" dir=\"ltr\"><strong><span class=\"KB0Tx C9DxTc \">2.\u00a0 \u00a0 Dezvoltarea profesional\u0103 \u0219i personal\u0103 a resursei umane \u00een vederea cre\u0219terii calit\u0103\u021bii educa\u021biei oferite de \u0219coal\u0103.<\/span><\/strong><\/p>\n<p class=\"zfr3Q CDt4Ke \" dir=\"ltr\"><strong><span class=\"KB0Tx C9DxTc \">3.\u00a0 \u00a0 Oferirea de programe \u015fcolare individualizate, care sa r\u0103spund\u0103 nevoilor educa\u0163ionale ale\u00a0 elevilor \u015fcolii, asigur\u00e2nd at\u00e2t ob\u0163inerea de performante \u015fcolare\u00a0 c\u00e2t \u0219i facilitarea accesului la educa\u0163ie \u00a0 al copiilor cu dificult\u0103\u0163i de \u00eenv\u0103\u0163are.<\/span><\/strong><\/p>\n<p class=\"zfr3Q CDt4Ke \" dir=\"ltr\"><strong><span class=\"KB0Tx C9DxTc \">4.\u00a0 \u00a0 Dezvoltarea dimensiunii europene a \u015fcolii prin derularea de proiecte \u015fi parteneriate locale, na\u0163ionale \u015fi europene\u00a0<\/span><\/strong><\/p>\n","protected":false},"excerpt":{"rendered":"<p>Deviza : VISEAZ\u0102, CREDE, REALIZEAZ\u0102 \u00a0VIZIUNEA \u0218COLII Ne propunem s\u0103 fim o \u0219coal\u0103 competitiv\u0103, o \u0219coal\u0103 european\u0103, \u00een care elevii s\u0103 performeze, s\u0103 aib\u0103 initiativ\u0103, iar starea de bine s\u0103 constituie pilonul principal al dezvolt\u0103rii Credem c\u0103 fiecare copil este valoros, \u00een fiecare se pot g\u0103si resurse ce pot fi valorificate pentru a crea oameni&#8230;<\/p>\n<p class=\"more-link-wrap\"><a href=\"https:\/\/sgmvt.lvm-tgv.ro\/?page_id=20\" class=\"more-link\">Cite\u0219te mai mult<span class=\"screen-reader-text\"> &ldquo;Misiunea \u0219i viziunea&rdquo;<\/span> &raquo;<\/a><\/p>\n","protected":false},"author":1,"featured_media":0,"parent":0,"menu_order":0,"comment_status":"closed","ping_status":"closed","template":"page-templates\/sidebar.php","meta":{"footnotes":""},"categories":[],"tags":[],"class_list":["post-20","page","type-page","status-publish","hentry"],"_links":{"self":[{"href":"https:\/\/sgmvt.lvm-tgv.ro\/index.php?rest_route=\/wp\/v2\/pages\/20","targetHints":{"allow":["GET"]}}],"collection":[{"href":"https:\/\/sgmvt.lvm-tgv.ro\/index.php?rest_route=\/wp\/v2\/pages"}],"about":[{"href":"https:\/\/sgmvt.lvm-tgv.ro\/index.php?rest_route=\/wp\/v2\/types\/page"}],"author":[{"embeddable":true,"href":"https:\/\/sgmvt.lvm-tgv.ro\/index.php?rest_route=\/wp\/v2\/users\/1"}],"replies":[{"embeddable":true,"href":"https:\/\/sgmvt.lvm-tgv.ro\/index.php?rest_route=%2Fwp%2Fv2%2Fcomments&post=20"}],"version-history":[{"count":4,"href":"https:\/\/sgmvt.lvm-tgv.ro\/index.php?rest_route=\/wp\/v2\/pages\/20\/revisions"}],"predecessor-version":[{"id":122,"href":"https:\/\/sgmvt.lvm-tgv.ro\/index.php?rest_route=\/wp\/v2\/pages\/20\/revisions\/122"}],"wp:attachment":[{"href":"https:\/\/sgmvt.lvm-tgv.ro\/index.php?rest_route=%2Fwp%2Fv2%2Fmedia&parent=20"}],"wp:term":[{"taxonomy":"category","embeddable":true,"href":"https:\/\/sgmvt.lvm-tgv.ro\/index.php?rest_route=%2Fwp%2Fv2%2Fcategories&post=20"},{"taxonomy":"post_tag","embeddable":true,"href":"https:\/\/sgmvt.lvm-tgv.ro\/index.php?rest_route=%2Fwp%2Fv2%2Ftags&post=20"}],"curies":[{"name":"wp","href":"https:\/\/api.w.org\/{rel}","templated":true}]}}