{"id":103,"date":"2025-05-17T15:15:58","date_gmt":"2025-05-17T15:15:58","guid":{"rendered":"https:\/\/sgmvt.lvm-tgv.ro\/?page_id=103"},"modified":"2025-05-17T15:41:49","modified_gmt":"2025-05-17T15:41:49","slug":"contact","status":"publish","type":"page","link":"https:\/\/sgmvt.lvm-tgv.ro\/?page_id=103","title":{"rendered":"Contact"},"content":{"rendered":"<p class=\"zfr3Q CDt4Ke \" dir=\"ltr\"><span class=\"C9DxTc \">\u015ecoala Gimnazial\u0103 \u201eMihai Viteazul\u201d T\u00e2rgovi\u015fte<\/span><\/p>\n<p class=\"zfr3Q CDt4Ke \" dir=\"ltr\"><span class=\"C9DxTc \">\u00a0Adresa: str. prof. Al. Vasilescu Nr. 1 T\u00e2rgovi\u015fte<\/span><\/p>\n<p class=\"zfr3Q CDt4Ke \" dir=\"ltr\"><span class=\"C9DxTc \">Telefon:O245211762<\/span><\/p>\n<p class=\"zfr3Q CDt4Ke \" dir=\"ltr\"><span class=\"C9DxTc \">Program\u0103rile pentru \u00eenscrierea la clasa preg\u0103titoare (2025-2026)<\/span><span class=\"C9DxTc \"><br \/>\n<\/span><span class=\"C9DxTc \">se fac\u00a0<\/span><span class=\"C9DxTc \">doar<\/span><span class=\"C9DxTc \">\u00a0la num\u0103rul:<\/span><span class=\"C9DxTc \">\u00a00790743893<\/span><\/p>\n<p class=\"zfr3Q CDt4Ke \" dir=\"ltr\"><a class=\"XqQF9c\" href=\"mailto:secretariat@sgmvt.ro\" target=\"_blank\" rel=\"noopener\"><span class=\"C9DxTc aw5Odc \">secretariat@sgmvt.ro<\/span><\/a><\/p>\n<p>&nbsp;<\/p>\n<p class=\"zfr3Q CDt4Ke \" dir=\"ltr\"><span class=\"C9DxTc \">Director: prof. Bobe\u0219 Lumini\u021ba<\/span><\/p>\n<p class=\"zfr3Q CDt4Ke \" dir=\"ltr\"><span class=\"C9DxTc \">Director adjunct: prof. \u00eenv. primar Tudor Gabriela\u00a0<\/span><\/p>\n","protected":false},"excerpt":{"rendered":"<p>\u015ecoala Gimnazial\u0103 \u201eMihai Viteazul\u201d T\u00e2rgovi\u015fte \u00a0Adresa: str. prof. Al. Vasilescu Nr. 1 T\u00e2rgovi\u015fte Telefon:O245211762 Program\u0103rile pentru \u00eenscrierea la clasa preg\u0103titoare (2025-2026) se fac\u00a0doar\u00a0la num\u0103rul:\u00a00790743893 secretariat@sgmvt.ro &nbsp; Director: prof. Bobe\u0219 Lumini\u021ba Director adjunct: prof. \u00eenv. primar Tudor Gabriela\u00a0<\/p>\n","protected":false},"author":1,"featured_media":0,"parent":0,"menu_order":0,"comment_status":"closed","ping_status":"closed","template":"page-templates\/sidebar.php","meta":{"footnotes":""},"categories":[],"tags":[],"class_list":["post-103","page","type-page","status-publish","hentry"],"_links":{"self":[{"href":"https:\/\/sgmvt.lvm-tgv.ro\/index.php?rest_route=\/wp\/v2\/pages\/103","targetHints":{"allow":["GET"]}}],"collection":[{"href":"https:\/\/sgmvt.lvm-tgv.ro\/index.php?rest_route=\/wp\/v2\/pages"}],"about":[{"href":"https:\/\/sgmvt.lvm-tgv.ro\/index.php?rest_route=\/wp\/v2\/types\/page"}],"author":[{"embeddable":true,"href":"https:\/\/sgmvt.lvm-tgv.ro\/index.php?rest_route=\/wp\/v2\/users\/1"}],"replies":[{"embeddable":true,"href":"https:\/\/sgmvt.lvm-tgv.ro\/index.php?rest_route=%2Fwp%2Fv2%2Fcomments&post=103"}],"version-history":[{"count":1,"href":"https:\/\/sgmvt.lvm-tgv.ro\/index.php?rest_route=\/wp\/v2\/pages\/103\/revisions"}],"predecessor-version":[{"id":105,"href":"https:\/\/sgmvt.lvm-tgv.ro\/index.php?rest_route=\/wp\/v2\/pages\/103\/revisions\/105"}],"wp:attachment":[{"href":"https:\/\/sgmvt.lvm-tgv.ro\/index.php?rest_route=%2Fwp%2Fv2%2Fmedia&parent=103"}],"wp:term":[{"taxonomy":"category","embeddable":true,"href":"https:\/\/sgmvt.lvm-tgv.ro\/index.php?rest_route=%2Fwp%2Fv2%2Fcategories&post=103"},{"taxonomy":"post_tag","embeddable":true,"href":"https:\/\/sgmvt.lvm-tgv.ro\/index.php?rest_route=%2Fwp%2Fv2%2Ftags&post=103"}],"curies":[{"name":"wp","href":"https:\/\/api.w.org\/{rel}","templated":true}]}}